{"id":24,"date":"2025-12-09T18:17:00","date_gmt":"2025-12-09T18:17:00","guid":{"rendered":"https:\/\/dirtcamp.pl\/?page_id=24"},"modified":"2026-03-21T06:25:49","modified_gmt":"2026-03-21T06:25:49","slug":"lokalizacja","status":"publish","type":"page","link":"https:\/\/dirtcamp.pl\/index.php\/lokalizacja\/","title":{"rendered":"Lokalizacja"},"content":{"rendered":"<div class=\"et_pb_section_0 et_pb_section et_section_regular et_block_section\">\n<div class=\"et_pb_row_0 et_pb_row et_block_row\">\n<div class=\"et_pb_column_0 et_pb_column et_pb_column_4_4 et-last-child et_block_column et_pb_css_mix_blend_mode_passthrough\">\n<div class=\"et_pb_text_0 et_pb_text et_pb_bg_layout_light et_pb_module et_block_module et_pb_text_align_center preset--module--divi-text--81971a75-841c-49d0-bfb5-1ec934ba9dc0\"><div class=\"et_pb_text_inner\"><h4>DIRT CAMP<\/h4>\n<\/div><\/div>\n\n<div class=\"et_pb_text_1 et_pb_text et_pb_bg_layout_light et_pb_module et_block_module et_pb_text_align_center preset--module--divi-text--33d8ed47-9575-4183-ae48-b1d6c4145db4\"><div class=\"et_pb_text_inner\"><h2>Lokalizacja<\/h2>\n<\/div><\/div>\n\n<div class=\"et_pb_row_1 et_pb_row et_pb_row_nested et_flex_row\">\n<div class=\"et_pb_column_1 et_pb_column et-last-child et_flex_column et_pb_css_mix_blend_mode_passthrough et_flex_column_24_24 et_flex_column_24_24_tablet et_flex_column_24_24_phone\">\n<div class=\"et_pb_text_2 et_pb_text et_pb_bg_layout_light et_pb_module et_flex_module\"><div class=\"et_pb_text_inner\"><p><strong>Cz\u0119\u015b\u0107 treningowa naszego obozu<\/strong> b\u0119dzie odbywa\u0107 si\u0119 na torze nale\u017c\u0105cym do \"Moto Klubu Ostr\u00f3da\" w miejscowo\u015bci G\u00d3RKA, kt\u00f3ry \u0142\u0105czy ze sob\u0105 tras\u0119 do Cross Country oraz pi\u0119kn\u0105 sekcj\u0105 motocrossow\u0105.<\/p>\n<p>Tor jest usytuowanym 10min od o\u015brodka, w kt\u00f3rym b\u0119d\u0105 zakwaterowani nasi obozowicze i zostanie przygotowany specjalnie dla nas przez team z USA.<\/p>\n<p>Na tym samym torze ju\u017c 2 tygodnia po obozie odb\u0119dzie si\u0119 <strong>oficjalna, Ostr\u00f3dzka runda MP i PP w CrossCountry.\u00a0<\/strong><\/p>\n<\/div><\/div>\n<\/div>\n<\/div>\n<\/div>\n<\/div>\n<\/div>\n\n<div class=\"et_pb_section_1 et_pb_section et_section_regular et_block_section\">\n<div class=\"et_pb_row_2 et_pb_row et_flex_row\">\n<div class=\"et_pb_column_2 et_pb_column et-last-child et_flex_column et_pb_css_mix_blend_mode_passthrough et_flex_column_24_24 et_flex_column_24_24_tablet et_flex_column_24_24_phone\">\n<div class=\"et_pb_image_0 et_pb_image et_pb_module et_flex_module\"><span class=\"et_pb_image_wrap\"><img loading=\"lazy\" decoding=\"async\" src=\"https:\/\/dirtcamp.pl\/wp-content\/uploads\/2026\/03\/488799842_1218599820267019_7528847107205708251_n-2.jpg\" title=\"488799842_1218599820267019_7528847107205708251_n-2\" width=\"1536\" height=\"1094\" srcset=\"https:\/\/dirtcamp.pl\/wp-content\/uploads\/2026\/03\/488799842_1218599820267019_7528847107205708251_n-2.jpg 1536w, https:\/\/dirtcamp.pl\/wp-content\/uploads\/2026\/03\/488799842_1218599820267019_7528847107205708251_n-2-1280x912.jpg 1280w, https:\/\/dirtcamp.pl\/wp-content\/uploads\/2026\/03\/488799842_1218599820267019_7528847107205708251_n-2-980x698.jpg 980w, https:\/\/dirtcamp.pl\/wp-content\/uploads\/2026\/03\/488799842_1218599820267019_7528847107205708251_n-2-480x342.jpg 480w\" sizes=\"(min-width: 0px) and (max-width: 480px) 480px, (min-width: 481px) and (max-width: 980px) 980px, (min-width: 981px) and (max-width: 1280px) 1280px, (min-width: 1281px) 1536px, 100vw\" class=\"wp-image-255\" \/><\/span><\/div>\n<\/div>\n<\/div>\n<\/div>\n\n<div class=\"et_pb_section_2 et_pb_section et_section_regular et_flex_section\">\n<div class=\"et_pb_row_3 et_pb_row et_flex_row\">\n<div class=\"et_pb_column_3 et_pb_column et-last-child et_flex_column et_pb_css_mix_blend_mode_passthrough et_flex_column_24_24 et_flex_column_24_24_tablet et_flex_column_24_24_phone\">\n<div class=\"et_pb_image_1 et_pb_image et_pb_module et_flex_module\"><span class=\"et_pb_image_wrap\"><img loading=\"lazy\" decoding=\"async\" src=\"https:\/\/dirtcamp.pl\/wp-content\/uploads\/2026\/03\/487321764_1196213375839024_3456905722478321564_n.jpg\" title=\"487321764_1196213375839024_3456905722478321564_n\" width=\"2048\" height=\"1365\" srcset=\"https:\/\/dirtcamp.pl\/wp-content\/uploads\/2026\/03\/487321764_1196213375839024_3456905722478321564_n.jpg 2048w, https:\/\/dirtcamp.pl\/wp-content\/uploads\/2026\/03\/487321764_1196213375839024_3456905722478321564_n-1280x853.jpg 1280w, https:\/\/dirtcamp.pl\/wp-content\/uploads\/2026\/03\/487321764_1196213375839024_3456905722478321564_n-980x653.jpg 980w, https:\/\/dirtcamp.pl\/wp-content\/uploads\/2026\/03\/487321764_1196213375839024_3456905722478321564_n-480x320.jpg 480w\" sizes=\"(min-width: 0px) and (max-width: 480px) 480px, (min-width: 481px) and (max-width: 980px) 980px, (min-width: 981px) and (max-width: 1280px) 1280px, (min-width: 1281px) 2048px, 100vw\" class=\"wp-image-252\" \/><\/span><\/div>\n<\/div>\n<\/div>\n<\/div>\n\n<div class=\"et_pb_section_3 et_pb_section et_section_regular et_flex_section\">\n<div class=\"et_pb_row_4 et_pb_row et_flex_row\">\n<div class=\"et_pb_column_4 et_pb_column et-last-child et_flex_column et_pb_css_mix_blend_mode_passthrough et_flex_column_24_24 et_flex_column_24_24_tablet et_flex_column_24_24_phone\">\n<div class=\"et_pb_image_2 et_pb_image et_pb_module et_flex_module\"><span class=\"et_pb_image_wrap\"><img loading=\"lazy\" decoding=\"async\" src=\"https:\/\/dirtcamp.pl\/wp-content\/uploads\/2026\/03\/614974579_1461448049315527_854349256228447818_n.jpg\" title=\"614974579_1461448049315527_854349256228447818_n\" width=\"1024\" height=\"1280\" srcset=\"https:\/\/dirtcamp.pl\/wp-content\/uploads\/2026\/03\/614974579_1461448049315527_854349256228447818_n.jpg 1024w, https:\/\/dirtcamp.pl\/wp-content\/uploads\/2026\/03\/614974579_1461448049315527_854349256228447818_n-980x1225.jpg 980w, https:\/\/dirtcamp.pl\/wp-content\/uploads\/2026\/03\/614974579_1461448049315527_854349256228447818_n-480x600.jpg 480w\" sizes=\"(min-width: 0px) and (max-width: 480px) 480px, (min-width: 481px) and (max-width: 980px) 980px, (min-width: 981px) 1024px, 100vw\" class=\"wp-image-256\" \/><\/span><\/div>\n<\/div>\n<\/div>\n<\/div>\n\n<div class=\"et_pb_section_4 et_pb_section et_section_regular et_flex_section\">\n<div class=\"et_pb_row_5 et_pb_row et_flex_row\">\n<div class=\"et_pb_column_5 et_pb_column et-last-child et_flex_column et_pb_css_mix_blend_mode_passthrough et_flex_column_24_24 et_flex_column_24_24_tablet et_flex_column_24_24_phone\">\n<div class=\"et_pb_text_3 et_pb_text et_pb_bg_layout_light et_pb_module et_flex_module\"><\/div>\n\n<div class=\"et_pb_row_6 et_pb_row et_pb_row_nested et_flex_row\">\n<div class=\"et_pb_column_6 et_pb_column et-last-child et_flex_column et_pb_css_mix_blend_mode_passthrough et_flex_column_24_24 et_flex_column_24_24_tablet et_flex_column_24_24_phone\">\n<div class=\"et_pb_code_0 et_pb_code et_pb_module\"><div class=\"et_pb_code_inner\"><iframe src=\"https:\/\/www.google.com\/maps\/embed?pb=!1m18!1m12!1m3!1d2362.6612671934913!2d19.997630476511155!3d53.68866227239059!2m3!1f0!2f0!3f0!3m2!1i1024!2i768!4f13.1!3m3!1m2!1s0x471d7b870f6aa43d%3A0x4a5da2ac19faeb7a!2sTOR%20MOTOCROSSOWY%20-%20MOTO%20KLUB%20OSTR%C3%93DA!5e0!3m2!1spl!2spl!4v1771408765811!5m2!1spl!2spl\" width=\"100%\" height=\"600\" style=\"border:0;\" allowfullscreen=\"\" loading=\"lazy\" referrerpolicy=\"no-referrer-when-downgrade\"><\/iframe><\/div><\/div>\n\n<div class=\"et_pb_video_0 et_pb_video et_pb_module et_flex_module\"><div class=\"et_pb_video_box\"><iframe loading=\"lazy\" title=\"V i VI Runda Mistrzostw Polski i Pucharu Polski Cross Country Ostr\u00f3da 2020\" width=\"1080\" height=\"608\" src=\"https:\/\/www.youtube.com\/embed\/fQVZeOSALPc?feature=oembed\"  allow=\"accelerometer; autoplay; clipboard-write; encrypted-media; gyroscope; picture-in-picture; web-share\" referrerpolicy=\"strict-origin-when-cross-origin\" allowfullscreen><\/iframe><\/div><\/div>\n<\/div>\n<\/div>\n<\/div>\n<\/div>\n<\/div>","protected":false},"excerpt":{"rendered":"","protected":false},"author":1,"featured_media":0,"parent":0,"menu_order":0,"comment_status":"closed","ping_status":"closed","template":"","meta":{"footnotes":""},"class_list":["post-24","page","type-page","status-publish","hentry"],"yoast_head":"<!-- This site is optimized with the Yoast SEO plugin v27.4 - https:\/\/yoast.com\/product\/yoast-seo-wordpress\/ -->\n<title>Lokalizacja - DirtCamp ob\u00f3z motocross na Mazurach dla m\u0142odzie\u017cy<\/title>\n<meta name=\"robots\" content=\"index, follow, max-snippet:-1, max-image-preview:large, max-video-preview:-1\" \/>\n<link rel=\"canonical\" href=\"https:\/\/dirtcamp.pl\/index.php\/lokalizacja\/\" \/>\n<meta property=\"og:locale\" content=\"pl_PL\" \/>\n<meta property=\"og:type\" content=\"article\" \/>\n<meta property=\"og:title\" content=\"Lokalizacja - DirtCamp ob\u00f3z motocross na Mazurach dla m\u0142odzie\u017cy\" \/>\n<meta property=\"og:url\" content=\"https:\/\/dirtcamp.pl\/index.php\/lokalizacja\/\" \/>\n<meta property=\"og:site_name\" content=\"DirtCamp ob\u00f3z motocross na Mazurach dla m\u0142odzie\u017cy\" \/>\n<meta property=\"article:modified_time\" content=\"2026-03-21T06:25:49+00:00\" \/>\n<meta name=\"twitter:card\" content=\"summary_large_image\" \/>\n<script type=\"application\/ld+json\" class=\"yoast-schema-graph\">{\"@context\":\"https:\\\/\\\/schema.org\",\"@graph\":[{\"@type\":\"WebPage\",\"@id\":\"https:\\\/\\\/dirtcamp.pl\\\/index.php\\\/lokalizacja\\\/\",\"url\":\"https:\\\/\\\/dirtcamp.pl\\\/index.php\\\/lokalizacja\\\/\",\"name\":\"Lokalizacja - DirtCamp ob\u00f3z motocross na Mazurach dla m\u0142odzie\u017cy\",\"isPartOf\":{\"@id\":\"https:\\\/\\\/dirtcamp.pl\\\/#website\"},\"datePublished\":\"2025-12-09T18:17:00+00:00\",\"dateModified\":\"2026-03-21T06:25:49+00:00\",\"breadcrumb\":{\"@id\":\"https:\\\/\\\/dirtcamp.pl\\\/index.php\\\/lokalizacja\\\/#breadcrumb\"},\"inLanguage\":\"pl-PL\",\"potentialAction\":[{\"@type\":\"ReadAction\",\"target\":[\"https:\\\/\\\/dirtcamp.pl\\\/index.php\\\/lokalizacja\\\/\"]}]},{\"@type\":\"BreadcrumbList\",\"@id\":\"https:\\\/\\\/dirtcamp.pl\\\/index.php\\\/lokalizacja\\\/#breadcrumb\",\"itemListElement\":[{\"@type\":\"ListItem\",\"position\":1,\"name\":\"Strona g\u0142\u00f3wna\",\"item\":\"https:\\\/\\\/dirtcamp.pl\\\/\"},{\"@type\":\"ListItem\",\"position\":2,\"name\":\"Lokalizacja\"}]},{\"@type\":\"WebSite\",\"@id\":\"https:\\\/\\\/dirtcamp.pl\\\/#website\",\"url\":\"https:\\\/\\\/dirtcamp.pl\\\/\",\"name\":\"DirtCamp ob\u00f3z motocross na Mazurach dla m\u0142odzie\u017cy\",\"description\":\"\",\"publisher\":{\"@id\":\"https:\\\/\\\/dirtcamp.pl\\\/#organization\"},\"potentialAction\":[{\"@type\":\"SearchAction\",\"target\":{\"@type\":\"EntryPoint\",\"urlTemplate\":\"https:\\\/\\\/dirtcamp.pl\\\/?s={search_term_string}\"},\"query-input\":{\"@type\":\"PropertyValueSpecification\",\"valueRequired\":true,\"valueName\":\"search_term_string\"}}],\"inLanguage\":\"pl-PL\"},{\"@type\":\"Organization\",\"@id\":\"https:\\\/\\\/dirtcamp.pl\\\/#organization\",\"name\":\"Ostr\u00f3da Camp Chrze\u015bcija\u0144ski O\u015brodek Konferencyjno-Wypoczynkowy\",\"url\":\"https:\\\/\\\/dirtcamp.pl\\\/\",\"logo\":{\"@type\":\"ImageObject\",\"inLanguage\":\"pl-PL\",\"@id\":\"https:\\\/\\\/dirtcamp.pl\\\/#\\\/schema\\\/logo\\\/image\\\/\",\"url\":\"https:\\\/\\\/dirtcamp.pl\\\/wp-content\\\/uploads\\\/2026\\\/02\\\/DirtCamp-logo.png\",\"contentUrl\":\"https:\\\/\\\/dirtcamp.pl\\\/wp-content\\\/uploads\\\/2026\\\/02\\\/DirtCamp-logo.png\",\"width\":1261,\"height\":800,\"caption\":\"Ostr\u00f3da Camp Chrze\u015bcija\u0144ski O\u015brodek Konferencyjno-Wypoczynkowy\"},\"image\":{\"@id\":\"https:\\\/\\\/dirtcamp.pl\\\/#\\\/schema\\\/logo\\\/image\\\/\"}}]}<\/script>\n<!-- \/ Yoast SEO plugin. -->","yoast_head_json":{"title":"Lokalizacja - DirtCamp ob\u00f3z motocross na Mazurach dla m\u0142odzie\u017cy","robots":{"index":"index","follow":"follow","max-snippet":"max-snippet:-1","max-image-preview":"max-image-preview:large","max-video-preview":"max-video-preview:-1"},"canonical":"https:\/\/dirtcamp.pl\/index.php\/lokalizacja\/","og_locale":"pl_PL","og_type":"article","og_title":"Lokalizacja - DirtCamp ob\u00f3z motocross na Mazurach dla m\u0142odzie\u017cy","og_url":"https:\/\/dirtcamp.pl\/index.php\/lokalizacja\/","og_site_name":"DirtCamp ob\u00f3z motocross na Mazurach dla m\u0142odzie\u017cy","article_modified_time":"2026-03-21T06:25:49+00:00","twitter_card":"summary_large_image","schema":{"@context":"https:\/\/schema.org","@graph":[{"@type":"WebPage","@id":"https:\/\/dirtcamp.pl\/index.php\/lokalizacja\/","url":"https:\/\/dirtcamp.pl\/index.php\/lokalizacja\/","name":"Lokalizacja - DirtCamp ob\u00f3z motocross na Mazurach dla m\u0142odzie\u017cy","isPartOf":{"@id":"https:\/\/dirtcamp.pl\/#website"},"datePublished":"2025-12-09T18:17:00+00:00","dateModified":"2026-03-21T06:25:49+00:00","breadcrumb":{"@id":"https:\/\/dirtcamp.pl\/index.php\/lokalizacja\/#breadcrumb"},"inLanguage":"pl-PL","potentialAction":[{"@type":"ReadAction","target":["https:\/\/dirtcamp.pl\/index.php\/lokalizacja\/"]}]},{"@type":"BreadcrumbList","@id":"https:\/\/dirtcamp.pl\/index.php\/lokalizacja\/#breadcrumb","itemListElement":[{"@type":"ListItem","position":1,"name":"Strona g\u0142\u00f3wna","item":"https:\/\/dirtcamp.pl\/"},{"@type":"ListItem","position":2,"name":"Lokalizacja"}]},{"@type":"WebSite","@id":"https:\/\/dirtcamp.pl\/#website","url":"https:\/\/dirtcamp.pl\/","name":"DirtCamp ob\u00f3z motocross na Mazurach dla m\u0142odzie\u017cy","description":"","publisher":{"@id":"https:\/\/dirtcamp.pl\/#organization"},"potentialAction":[{"@type":"SearchAction","target":{"@type":"EntryPoint","urlTemplate":"https:\/\/dirtcamp.pl\/?s={search_term_string}"},"query-input":{"@type":"PropertyValueSpecification","valueRequired":true,"valueName":"search_term_string"}}],"inLanguage":"pl-PL"},{"@type":"Organization","@id":"https:\/\/dirtcamp.pl\/#organization","name":"Ostr\u00f3da Camp Chrze\u015bcija\u0144ski O\u015brodek Konferencyjno-Wypoczynkowy","url":"https:\/\/dirtcamp.pl\/","logo":{"@type":"ImageObject","inLanguage":"pl-PL","@id":"https:\/\/dirtcamp.pl\/#\/schema\/logo\/image\/","url":"https:\/\/dirtcamp.pl\/wp-content\/uploads\/2026\/02\/DirtCamp-logo.png","contentUrl":"https:\/\/dirtcamp.pl\/wp-content\/uploads\/2026\/02\/DirtCamp-logo.png","width":1261,"height":800,"caption":"Ostr\u00f3da Camp Chrze\u015bcija\u0144ski O\u015brodek Konferencyjno-Wypoczynkowy"},"image":{"@id":"https:\/\/dirtcamp.pl\/#\/schema\/logo\/image\/"}}]}},"_links":{"self":[{"href":"https:\/\/dirtcamp.pl\/index.php\/wp-json\/wp\/v2\/pages\/24","targetHints":{"allow":["GET"]}}],"collection":[{"href":"https:\/\/dirtcamp.pl\/index.php\/wp-json\/wp\/v2\/pages"}],"about":[{"href":"https:\/\/dirtcamp.pl\/index.php\/wp-json\/wp\/v2\/types\/page"}],"author":[{"embeddable":true,"href":"https:\/\/dirtcamp.pl\/index.php\/wp-json\/wp\/v2\/users\/1"}],"replies":[{"embeddable":true,"href":"https:\/\/dirtcamp.pl\/index.php\/wp-json\/wp\/v2\/comments?post=24"}],"version-history":[{"count":16,"href":"https:\/\/dirtcamp.pl\/index.php\/wp-json\/wp\/v2\/pages\/24\/revisions"}],"predecessor-version":[{"id":291,"href":"https:\/\/dirtcamp.pl\/index.php\/wp-json\/wp\/v2\/pages\/24\/revisions\/291"}],"wp:attachment":[{"href":"https:\/\/dirtcamp.pl\/index.php\/wp-json\/wp\/v2\/media?parent=24"}],"curies":[{"name":"wp","href":"https:\/\/api.w.org\/{rel}","templated":true}]}}