{"id":23,"date":"2025-12-09T18:17:00","date_gmt":"2025-12-09T18:17:00","guid":{"rendered":"https:\/\/dirtcamp.pl\/?page_id=23"},"modified":"2026-03-21T06:24:00","modified_gmt":"2026-03-21T06:24:00","slug":"organizatorzy","status":"publish","type":"page","link":"https:\/\/dirtcamp.pl\/index.php\/organizatorzy\/","title":{"rendered":"Organizatorzy"},"content":{"rendered":"<div class=\"et_pb_section_0 et_pb_section et_section_regular et_block_section\">\n<div class=\"et_pb_row_0 et_pb_row et_block_row\">\n<div class=\"et_pb_column_0 et_pb_column et_pb_column_4_4 et-last-child et_block_column et_pb_css_mix_blend_mode_passthrough\">\n<div class=\"et_pb_text_0 et_pb_text et_pb_bg_layout_light et_pb_module et_block_module et_pb_text_align_center preset--module--divi-text--81971a75-841c-49d0-bfb5-1ec934ba9dc0\"><div class=\"et_pb_text_inner\"><h4>DIRT CAMP<\/h4>\n<\/div><\/div>\n\n<div class=\"et_pb_text_1 et_pb_text et_pb_bg_layout_light et_pb_module et_block_module et_pb_text_align_center preset--module--divi-text--33d8ed47-9575-4183-ae48-b1d6c4145db4\"><div class=\"et_pb_text_inner\"><h2>Ogranizatorzy<\/h2>\n<\/div><\/div>\n<\/div>\n<\/div>\n\n<div class=\"et_pb_row_1 et_pb_row et_flex_row\">\n<div class=\"et_pb_column_1 et_pb_column et-last-child et_flex_column et_pb_css_mix_blend_mode_passthrough et_flex_column_24_24 et_flex_column_24_24_tablet et_flex_column_24_24_phone\">\n<div class=\"et_pb_text_2 et_pb_text et_pb_bg_layout_light et_pb_module et_flex_module\"><div class=\"et_pb_text_inner\" data-et-mv-hidden-phone=\"true\"><p>Ob\u00f3z DirtCamp b\u0119d\u0105cy cz\u0119\u015bci\u0105 fca.SportCamp, organizowany jest we wsp\u00f3\u0142pracy dw\u00f3ch do\u015bwiadczonych partner\u00f3w: <strong>FCA Motocross<\/strong> oraz <strong>Ostr\u00f3da Camp,<\/strong> kt\u00f3rych wsp\u00f3ln\u0105 misj\u0105 jest tworzenie bezpiecznej, inspiruj\u0105cej przestrzeni dla m\u0142odzie\u017cy, \u0142\u0105cz\u0105cej <strong>rozw\u00f3j sportowy, mentalny i duchowy<\/strong> oraz warto\u015bciowe relacje.<\/p>\n<\/div><\/div>\n<\/div>\n<\/div>\n\n<div class=\"et_pb_row_2 et_pb_row et_flex_row et_animated\">\n<div class=\"et_pb_column_2 et_pb_column et_flex_column et_pb_css_mix_blend_mode_passthrough et_flex_column_2_5 et_flex_column_2_5_tablet et_flex_column_24_24_phone\">\n<div class=\"et_pb_text_3 et_pb_text et_pb_bg_layout_light et_animated et_pb_module et_block_module preset--module--divi-text--abe15537-a205-41f8-9025-7356e956fa93\"><div class=\"et_pb_text_inner\"><h3 style=\"text-align: center;\"><span>FCA MOTOCROSS<\/span><\/h3>\n<\/div><\/div>\n\n<div class=\"et_pb_text_4 et_pb_text et_pb_bg_layout_light et_pb_module et_block_module preset--module--divi-text--8cd1ce6b-38be-479c-8fe0-00b31d0a6bd3\"><div class=\"et_pb_text_inner\"><p style=\"text-align: center;\"><span><strong>FCA Motocross<\/strong> to ameryka\u0144ska organizacja za\u0142o\u017cona w 2003 roku, kt\u00f3ra \u0142\u0105czy \u015bwiat sport\u00f3w motorowych z warto\u015bciami chrze\u015bcija\u0144skimi. <\/span><\/p>\n<p style=\"text-align: center;\">Poprzez obozy, eventy na ca\u0142ym \u015bwiecie FCA wspiera zawodnik\u00f3w oraz ich rodziny w rozwoju wiary, charakteru a tak\u017ce kariery, zar\u00f3wno na torze, jak i poza nim.<\/p>\n<p style=\"text-align: center;\">FCA dzia\u0142a w r\u00f3\u017cnych dyscyplinach \u2013 <strong>motocross, Snow-X, NASCAR, wy\u015bcigi off-road<\/strong> \u2013 buduj\u0105c autentyczne relacje i przekazuj\u0105c prawd\u0119 biblijn\u0105.<\/p>\n<p style=\"text-align: center;\">Celem FCA jest wychowanie i wspieranie nowego pokolenia m\u0142odych rider\u00f3w, kt\u00f3rzy je\u017cd\u017c\u0105 nie tylko dla w\u0142asnej chwa\u0142y.<\/p>\n<\/div><\/div>\n\n<div class=\"et_pb_module et_pb_button_module_wrapper et_pb_button_0_wrapper\"><a class=\"et_pb_button_0 et_pb_button et_pb_bg_layout_light et_pb_module et_flex_module\" href=\"http:\/\/www.fcamx.org\" target=\"_blank\">www.fcamx.org<\/a><\/div>\n<\/div>\n\n<div class=\"et_pb_column_3 et_pb_column et-last-child et_flex_column et_pb_css_mix_blend_mode_passthrough et_flex_column_3_5 et_flex_column_3_5_tablet et_flex_column_24_24_phone\">\n<div class=\"et_pb_gallery_0 et_pb_gallery et_pb_bg_layout_light et_pb_slider et_pb_gallery_fullwidth clearfix et_pb_slider_no_pagination et_pb_module\" data-auto-rotate=\"off\" data-auto-rotate-speed=\"\"><div class=\"et_pb_gallery_items et_post_gallery clearfix\" data-per_page=\"1\"><div class=\"et_pb_gallery_item et_pb_gallery_item_0_0\"><div class=\"et_pb_gallery_image landscape\" data-per_page=\"1\"><a href=\"https:\/\/dirtcamp.pl\/wp-content\/uploads\/2026\/02\/FCA-Motocross.jpg\" title=\"FCA Motocross\"><img loading=\"lazy\" decoding=\"async\" width=\"1347\" height=\"1679\" src=\"https:\/\/dirtcamp.pl\/wp-content\/uploads\/2026\/02\/FCA-Motocross.jpg\" alt=\"\" class=\"wp-image-164\" srcset=\"https:\/\/dirtcamp.pl\/wp-content\/uploads\/2026\/02\/FCA-Motocross.jpg 1347w, https:\/\/dirtcamp.pl\/wp-content\/uploads\/2026\/02\/FCA-Motocross-1280x1595.jpg 1280w, https:\/\/dirtcamp.pl\/wp-content\/uploads\/2026\/02\/FCA-Motocross-980x1222.jpg 980w, https:\/\/dirtcamp.pl\/wp-content\/uploads\/2026\/02\/FCA-Motocross-480x598.jpg 480w\" sizes=\"(min-width: 0px) and (max-width: 480px) 480px, (min-width: 481px) and (max-width: 980px) 980px, (min-width: 981px) and (max-width: 1280px) 1280px, (min-width: 1281px) 1347px, 100vw\" \/><span class=\"et_overlay\" data-icon=\"\" data-icon-tablet=\"\" data-icon-phone=\"\"><\/span><\/a><\/div><\/div><div class=\"et_pb_gallery_item et_pb_gallery_item_0_1\"><div class=\"et_pb_gallery_image landscape\" data-per_page=\"1\"><a href=\"https:\/\/dirtcamp.pl\/wp-content\/uploads\/2026\/02\/Motocross.jpg\" title=\"Motocross\"><img loading=\"lazy\" decoding=\"async\" width=\"1367\" height=\"1367\" src=\"https:\/\/dirtcamp.pl\/wp-content\/uploads\/2026\/02\/Motocross.jpg\" alt=\"\" class=\"wp-image-166\" srcset=\"https:\/\/dirtcamp.pl\/wp-content\/uploads\/2026\/02\/Motocross.jpg 1367w, https:\/\/dirtcamp.pl\/wp-content\/uploads\/2026\/02\/Motocross-1280x1280.jpg 1280w, https:\/\/dirtcamp.pl\/wp-content\/uploads\/2026\/02\/Motocross-980x980.jpg 980w, https:\/\/dirtcamp.pl\/wp-content\/uploads\/2026\/02\/Motocross-480x480.jpg 480w\" sizes=\"(min-width: 0px) and (max-width: 480px) 480px, (min-width: 481px) and (max-width: 980px) 980px, (min-width: 981px) and (max-width: 1280px) 1280px, (min-width: 1281px) 1367px, 100vw\" \/><span class=\"et_overlay\" data-icon=\"\" data-icon-tablet=\"\" data-icon-phone=\"\"><\/span><\/a><\/div><\/div><div class=\"et_pb_gallery_item et_pb_gallery_item_0_2\"><div class=\"et_pb_gallery_image landscape\" data-per_page=\"1\"><a href=\"https:\/\/dirtcamp.pl\/wp-content\/uploads\/2026\/02\/FCA-Motocross-Camps.jpg\" title=\"FCA Motocross Camps\"><img loading=\"lazy\" decoding=\"async\" width=\"1347\" height=\"1679\" src=\"https:\/\/dirtcamp.pl\/wp-content\/uploads\/2026\/02\/FCA-Motocross-Camps.jpg\" alt=\"\" class=\"wp-image-165\" srcset=\"https:\/\/dirtcamp.pl\/wp-content\/uploads\/2026\/02\/FCA-Motocross-Camps.jpg 1347w, https:\/\/dirtcamp.pl\/wp-content\/uploads\/2026\/02\/FCA-Motocross-Camps-1280x1595.jpg 1280w, https:\/\/dirtcamp.pl\/wp-content\/uploads\/2026\/02\/FCA-Motocross-Camps-980x1222.jpg 980w, https:\/\/dirtcamp.pl\/wp-content\/uploads\/2026\/02\/FCA-Motocross-Camps-480x598.jpg 480w\" sizes=\"(min-width: 0px) and (max-width: 480px) 480px, (min-width: 481px) and (max-width: 980px) 980px, (min-width: 981px) and (max-width: 1280px) 1280px, (min-width: 1281px) 1347px, 100vw\" \/><span class=\"et_overlay\" data-icon=\"\" data-icon-tablet=\"\" data-icon-phone=\"\"><\/span><\/a><\/div><\/div><\/div><\/div>\n<\/div>\n<\/div>\n\n<div class=\"et_pb_row_3 et_pb_row et_flex_row et_animated\">\n<div class=\"et_pb_column_4 et_pb_column et_flex_column et_pb_css_mix_blend_mode_passthrough et_flex_column_2_5 et_flex_column_2_5_tablet et_flex_column_24_24_phone\">\n<div class=\"et_pb_text_5 et_pb_text et_pb_bg_layout_light et_animated et_pb_module et_block_module preset--module--divi-text--abe15537-a205-41f8-9025-7356e956fa93\"><div class=\"et_pb_text_inner\"><h3 style=\"text-align: center;\"><span>O\u015brodek Ostr\u00f3da CAMP<\/span><\/h3>\n<\/div><\/div>\n\n<div class=\"et_pb_text_6 et_pb_text et_pb_bg_layout_light et_pb_module et_block_module preset--module--divi-text--8cd1ce6b-38be-479c-8fe0-00b31d0a6bd3\"><div class=\"et_pb_text_inner\"><p style=\"text-align: center;\">Ostr\u00f3da Camp to nowoczesny o\u015brodek wypoczynkowy po\u0142o\u017cony w malowniczym otoczeniu natury, stworzony z my\u015bl\u0105 o organizacji oboz\u00f3w, wydarze\u0144 sportowych oraz aktywnego wypoczynku.\u00a0<\/p>\n<p>\u00a0<\/p>\n<\/div><\/div>\n\n<div class=\"et_pb_module et_pb_button_module_wrapper et_pb_button_1_wrapper\"><a class=\"et_pb_button_1 et_pb_button et_pb_bg_layout_light et_pb_module et_flex_module\" href=\"http:\/\/www.ostrodacamp.pl\" target=\"_blank\">www.ostrodacamp.pl<\/a><\/div>\n<\/div>\n\n<div class=\"et_pb_column_5 et_pb_column et-last-child et_flex_column et_pb_css_mix_blend_mode_passthrough et_flex_column_3_5 et_flex_column_3_5_tablet et_flex_column_24_24_phone\">\n<div class=\"et_pb_gallery_1 et_pb_gallery et_pb_bg_layout_light et_pb_slider et_pb_gallery_fullwidth clearfix et_pb_slider_no_pagination et_pb_module\" data-auto-rotate=\"off\" data-auto-rotate-speed=\"\"><div class=\"et_pb_gallery_items et_post_gallery clearfix\" data-per_page=\"1\"><div class=\"et_pb_gallery_item et_pb_gallery_item_1_0\"><div class=\"et_pb_gallery_image landscape\" data-per_page=\"1\"><a href=\"https:\/\/dirtcamp.pl\/wp-content\/uploads\/2026\/03\/476804241_9570748966270131_3753478193814678356_n.jpg\" title=\"476804241_9570748966270131_3753478193814678356_n\"><img loading=\"lazy\" decoding=\"async\" width=\"2048\" height=\"1536\" src=\"https:\/\/dirtcamp.pl\/wp-content\/uploads\/2026\/03\/476804241_9570748966270131_3753478193814678356_n.jpg\" alt=\"\" class=\"wp-image-240\" srcset=\"https:\/\/dirtcamp.pl\/wp-content\/uploads\/2026\/03\/476804241_9570748966270131_3753478193814678356_n.jpg 2048w, https:\/\/dirtcamp.pl\/wp-content\/uploads\/2026\/03\/476804241_9570748966270131_3753478193814678356_n-1280x960.jpg 1280w, https:\/\/dirtcamp.pl\/wp-content\/uploads\/2026\/03\/476804241_9570748966270131_3753478193814678356_n-980x735.jpg 980w, https:\/\/dirtcamp.pl\/wp-content\/uploads\/2026\/03\/476804241_9570748966270131_3753478193814678356_n-480x360.jpg 480w\" sizes=\"(min-width: 0px) and (max-width: 480px) 480px, (min-width: 481px) and (max-width: 980px) 980px, (min-width: 981px) and (max-width: 1280px) 1280px, (min-width: 1281px) 2048px, 100vw\" \/><span class=\"et_overlay\" data-icon=\"\" data-icon-tablet=\"\" data-icon-phone=\"\"><\/span><\/a><\/div><\/div><div class=\"et_pb_gallery_item et_pb_gallery_item_1_1\"><div class=\"et_pb_gallery_image landscape\" data-per_page=\"1\"><a href=\"https:\/\/dirtcamp.pl\/wp-content\/uploads\/2026\/03\/490856618_1202905078512379_1694820939717326406_n.jpg\" title=\"490856618_1202905078512379_1694820939717326406_n\"><img loading=\"lazy\" decoding=\"async\" width=\"1600\" height=\"737\" src=\"https:\/\/dirtcamp.pl\/wp-content\/uploads\/2026\/03\/490856618_1202905078512379_1694820939717326406_n.jpg\" alt=\"\" class=\"wp-image-242\" srcset=\"https:\/\/dirtcamp.pl\/wp-content\/uploads\/2026\/03\/490856618_1202905078512379_1694820939717326406_n.jpg 1600w, https:\/\/dirtcamp.pl\/wp-content\/uploads\/2026\/03\/490856618_1202905078512379_1694820939717326406_n-1280x590.jpg 1280w, https:\/\/dirtcamp.pl\/wp-content\/uploads\/2026\/03\/490856618_1202905078512379_1694820939717326406_n-980x451.jpg 980w, https:\/\/dirtcamp.pl\/wp-content\/uploads\/2026\/03\/490856618_1202905078512379_1694820939717326406_n-480x221.jpg 480w\" sizes=\"(min-width: 0px) and (max-width: 480px) 480px, (min-width: 481px) and (max-width: 980px) 980px, (min-width: 981px) and (max-width: 1280px) 1280px, (min-width: 1281px) 1600px, 100vw\" \/><span class=\"et_overlay\" data-icon=\"\" data-icon-tablet=\"\" data-icon-phone=\"\"><\/span><\/a><\/div><\/div><div class=\"et_pb_gallery_item et_pb_gallery_item_1_2\"><div class=\"et_pb_gallery_image landscape\" data-per_page=\"1\"><a href=\"https:\/\/dirtcamp.pl\/wp-content\/uploads\/2026\/03\/519917443_1284520997017453_5893437327285620699_n.jpg\" title=\"519917443_1284520997017453_5893437327285620699_n\"><img loading=\"lazy\" decoding=\"async\" width=\"2048\" height=\"1365\" src=\"https:\/\/dirtcamp.pl\/wp-content\/uploads\/2026\/03\/519917443_1284520997017453_5893437327285620699_n.jpg\" alt=\"\" class=\"wp-image-245\" srcset=\"https:\/\/dirtcamp.pl\/wp-content\/uploads\/2026\/03\/519917443_1284520997017453_5893437327285620699_n.jpg 2048w, https:\/\/dirtcamp.pl\/wp-content\/uploads\/2026\/03\/519917443_1284520997017453_5893437327285620699_n-1280x853.jpg 1280w, https:\/\/dirtcamp.pl\/wp-content\/uploads\/2026\/03\/519917443_1284520997017453_5893437327285620699_n-980x653.jpg 980w, https:\/\/dirtcamp.pl\/wp-content\/uploads\/2026\/03\/519917443_1284520997017453_5893437327285620699_n-480x320.jpg 480w\" sizes=\"(min-width: 0px) and (max-width: 480px) 480px, (min-width: 481px) and (max-width: 980px) 980px, (min-width: 981px) and (max-width: 1280px) 1280px, (min-width: 1281px) 2048px, 100vw\" \/><span class=\"et_overlay\" data-icon=\"\" data-icon-tablet=\"\" data-icon-phone=\"\"><\/span><\/a><\/div><\/div><div class=\"et_pb_gallery_item et_pb_gallery_item_1_3\"><div class=\"et_pb_gallery_image landscape\" data-per_page=\"1\"><a href=\"https:\/\/dirtcamp.pl\/wp-content\/uploads\/2026\/03\/489914673_1202260421910178_1157132004767046649_n.jpg\" title=\"489914673_1202260421910178_1157132004767046649_n\"><img loading=\"lazy\" decoding=\"async\" width=\"1600\" height=\"1200\" src=\"https:\/\/dirtcamp.pl\/wp-content\/uploads\/2026\/03\/489914673_1202260421910178_1157132004767046649_n.jpg\" alt=\"\" class=\"wp-image-241\" srcset=\"https:\/\/dirtcamp.pl\/wp-content\/uploads\/2026\/03\/489914673_1202260421910178_1157132004767046649_n.jpg 1600w, https:\/\/dirtcamp.pl\/wp-content\/uploads\/2026\/03\/489914673_1202260421910178_1157132004767046649_n-1280x960.jpg 1280w, https:\/\/dirtcamp.pl\/wp-content\/uploads\/2026\/03\/489914673_1202260421910178_1157132004767046649_n-980x735.jpg 980w, https:\/\/dirtcamp.pl\/wp-content\/uploads\/2026\/03\/489914673_1202260421910178_1157132004767046649_n-480x360.jpg 480w\" sizes=\"(min-width: 0px) and (max-width: 480px) 480px, (min-width: 481px) and (max-width: 980px) 980px, (min-width: 981px) and (max-width: 1280px) 1280px, (min-width: 1281px) 1600px, 100vw\" \/><span class=\"et_overlay\" data-icon=\"\" data-icon-tablet=\"\" data-icon-phone=\"\"><\/span><\/a><\/div><\/div><div class=\"et_pb_gallery_item et_pb_gallery_item_1_4\"><div class=\"et_pb_gallery_image landscape\" data-per_page=\"1\"><a href=\"https:\/\/dirtcamp.pl\/wp-content\/uploads\/2026\/03\/518356007_1284519607017592_5141436453364325430_n.jpg\" title=\"518356007_1284519607017592_5141436453364325430_n\"><img loading=\"lazy\" decoding=\"async\" width=\"2048\" height=\"1365\" src=\"https:\/\/dirtcamp.pl\/wp-content\/uploads\/2026\/03\/518356007_1284519607017592_5141436453364325430_n.jpg\" alt=\"\" class=\"wp-image-244\" srcset=\"https:\/\/dirtcamp.pl\/wp-content\/uploads\/2026\/03\/518356007_1284519607017592_5141436453364325430_n.jpg 2048w, https:\/\/dirtcamp.pl\/wp-content\/uploads\/2026\/03\/518356007_1284519607017592_5141436453364325430_n-1280x853.jpg 1280w, https:\/\/dirtcamp.pl\/wp-content\/uploads\/2026\/03\/518356007_1284519607017592_5141436453364325430_n-980x653.jpg 980w, https:\/\/dirtcamp.pl\/wp-content\/uploads\/2026\/03\/518356007_1284519607017592_5141436453364325430_n-480x320.jpg 480w\" sizes=\"(min-width: 0px) and (max-width: 480px) 480px, (min-width: 481px) and (max-width: 980px) 980px, (min-width: 981px) and (max-width: 1280px) 1280px, (min-width: 1281px) 2048px, 100vw\" \/><span class=\"et_overlay\" data-icon=\"\" data-icon-tablet=\"\" data-icon-phone=\"\"><\/span><\/a><\/div><\/div><div class=\"et_pb_gallery_item et_pb_gallery_item_1_5\"><div class=\"et_pb_gallery_image landscape\" data-per_page=\"1\"><a href=\"https:\/\/dirtcamp.pl\/wp-content\/uploads\/2026\/03\/514524186_1272950998174453_8061968967122928004_n.jpg\" title=\"514524186_1272950998174453_8061968967122928004_n\"><img loading=\"lazy\" decoding=\"async\" width=\"2048\" height=\"1109\" src=\"https:\/\/dirtcamp.pl\/wp-content\/uploads\/2026\/03\/514524186_1272950998174453_8061968967122928004_n.jpg\" alt=\"\" class=\"wp-image-243\" srcset=\"https:\/\/dirtcamp.pl\/wp-content\/uploads\/2026\/03\/514524186_1272950998174453_8061968967122928004_n.jpg 2048w, https:\/\/dirtcamp.pl\/wp-content\/uploads\/2026\/03\/514524186_1272950998174453_8061968967122928004_n-1280x693.jpg 1280w, https:\/\/dirtcamp.pl\/wp-content\/uploads\/2026\/03\/514524186_1272950998174453_8061968967122928004_n-980x531.jpg 980w, https:\/\/dirtcamp.pl\/wp-content\/uploads\/2026\/03\/514524186_1272950998174453_8061968967122928004_n-480x260.jpg 480w\" sizes=\"(min-width: 0px) and (max-width: 480px) 480px, (min-width: 481px) and (max-width: 980px) 980px, (min-width: 981px) and (max-width: 1280px) 1280px, (min-width: 1281px) 2048px, 100vw\" \/><span class=\"et_overlay\" data-icon=\"\" data-icon-tablet=\"\" data-icon-phone=\"\"><\/span><\/a><\/div><\/div><\/div><\/div>\n<\/div>\n<\/div>\n\n<div class=\"et_pb_row_4 et_pb_row et_flex_row et_animated\">\n<div class=\"et_pb_column_6 et_pb_column et-last-child et_flex_column et_pb_css_mix_blend_mode_passthrough et_flex_column_24_24 et_flex_column_24_24_tablet et_flex_column_24_24_phone\">\n<div class=\"et_pb_text_7 et_pb_text et_pb_bg_layout_light et_pb_module et_flex_module et_flex_column_24_24 et_flex_column_24_24_tablet et_flex_column_24_24_phone preset--module--divi-text--8cd1ce6b-38be-479c-8fe0-00b31d0a6bd3\"><div class=\"et_pb_text_inner\"><p style=\"text-align: center;\">Wsp\u00f3\u0142praca obu organizator\u00f3w pozwala po\u0142\u0105czy\u0107 profesjonalny program sportowy z wysokim standardem organizacyjnym i wyj\u0105tkow\u0105 atmosfer\u0105, dzi\u0119ki czemu uczestnicy mog\u0105 prze\u017cy\u0107 warto\u015bciowy, inspiruj\u0105cy ob\u00f3z.<\/p>\n<\/div><\/div>\n<\/div>\n<\/div>\n<\/div>","protected":false},"excerpt":{"rendered":"","protected":false},"author":1,"featured_media":0,"parent":0,"menu_order":0,"comment_status":"closed","ping_status":"closed","template":"","meta":{"footnotes":""},"class_list":["post-23","page","type-page","status-publish","hentry"],"yoast_head":"<!-- This site is optimized with the Yoast SEO plugin v27.4 - https:\/\/yoast.com\/product\/yoast-seo-wordpress\/ -->\n<title>Organizatorzy - DirtCamp ob\u00f3z motocross na Mazurach dla m\u0142odzie\u017cy<\/title>\n<meta name=\"robots\" content=\"index, follow, max-snippet:-1, max-image-preview:large, max-video-preview:-1\" \/>\n<link rel=\"canonical\" href=\"https:\/\/dirtcamp.pl\/index.php\/organizatorzy\/\" \/>\n<meta property=\"og:locale\" content=\"pl_PL\" \/>\n<meta property=\"og:type\" content=\"article\" \/>\n<meta property=\"og:title\" content=\"Organizatorzy - DirtCamp ob\u00f3z motocross na Mazurach dla m\u0142odzie\u017cy\" \/>\n<meta property=\"og:url\" content=\"https:\/\/dirtcamp.pl\/index.php\/organizatorzy\/\" \/>\n<meta property=\"og:site_name\" content=\"DirtCamp ob\u00f3z motocross na Mazurach dla m\u0142odzie\u017cy\" \/>\n<meta property=\"article:modified_time\" content=\"2026-03-21T06:24:00+00:00\" \/>\n<meta name=\"twitter:card\" content=\"summary_large_image\" \/>\n<script type=\"application\/ld+json\" class=\"yoast-schema-graph\">{\"@context\":\"https:\\\/\\\/schema.org\",\"@graph\":[{\"@type\":\"WebPage\",\"@id\":\"https:\\\/\\\/dirtcamp.pl\\\/index.php\\\/organizatorzy\\\/\",\"url\":\"https:\\\/\\\/dirtcamp.pl\\\/index.php\\\/organizatorzy\\\/\",\"name\":\"Organizatorzy - DirtCamp ob\u00f3z motocross na Mazurach dla m\u0142odzie\u017cy\",\"isPartOf\":{\"@id\":\"https:\\\/\\\/dirtcamp.pl\\\/#website\"},\"datePublished\":\"2025-12-09T18:17:00+00:00\",\"dateModified\":\"2026-03-21T06:24:00+00:00\",\"breadcrumb\":{\"@id\":\"https:\\\/\\\/dirtcamp.pl\\\/index.php\\\/organizatorzy\\\/#breadcrumb\"},\"inLanguage\":\"pl-PL\",\"potentialAction\":[{\"@type\":\"ReadAction\",\"target\":[\"https:\\\/\\\/dirtcamp.pl\\\/index.php\\\/organizatorzy\\\/\"]}]},{\"@type\":\"BreadcrumbList\",\"@id\":\"https:\\\/\\\/dirtcamp.pl\\\/index.php\\\/organizatorzy\\\/#breadcrumb\",\"itemListElement\":[{\"@type\":\"ListItem\",\"position\":1,\"name\":\"Strona g\u0142\u00f3wna\",\"item\":\"https:\\\/\\\/dirtcamp.pl\\\/\"},{\"@type\":\"ListItem\",\"position\":2,\"name\":\"Organizatorzy\"}]},{\"@type\":\"WebSite\",\"@id\":\"https:\\\/\\\/dirtcamp.pl\\\/#website\",\"url\":\"https:\\\/\\\/dirtcamp.pl\\\/\",\"name\":\"DirtCamp ob\u00f3z motocross na Mazurach dla m\u0142odzie\u017cy\",\"description\":\"\",\"publisher\":{\"@id\":\"https:\\\/\\\/dirtcamp.pl\\\/#organization\"},\"potentialAction\":[{\"@type\":\"SearchAction\",\"target\":{\"@type\":\"EntryPoint\",\"urlTemplate\":\"https:\\\/\\\/dirtcamp.pl\\\/?s={search_term_string}\"},\"query-input\":{\"@type\":\"PropertyValueSpecification\",\"valueRequired\":true,\"valueName\":\"search_term_string\"}}],\"inLanguage\":\"pl-PL\"},{\"@type\":\"Organization\",\"@id\":\"https:\\\/\\\/dirtcamp.pl\\\/#organization\",\"name\":\"Ostr\u00f3da Camp Chrze\u015bcija\u0144ski O\u015brodek Konferencyjno-Wypoczynkowy\",\"url\":\"https:\\\/\\\/dirtcamp.pl\\\/\",\"logo\":{\"@type\":\"ImageObject\",\"inLanguage\":\"pl-PL\",\"@id\":\"https:\\\/\\\/dirtcamp.pl\\\/#\\\/schema\\\/logo\\\/image\\\/\",\"url\":\"https:\\\/\\\/dirtcamp.pl\\\/wp-content\\\/uploads\\\/2026\\\/02\\\/DirtCamp-logo.png\",\"contentUrl\":\"https:\\\/\\\/dirtcamp.pl\\\/wp-content\\\/uploads\\\/2026\\\/02\\\/DirtCamp-logo.png\",\"width\":1261,\"height\":800,\"caption\":\"Ostr\u00f3da Camp Chrze\u015bcija\u0144ski O\u015brodek Konferencyjno-Wypoczynkowy\"},\"image\":{\"@id\":\"https:\\\/\\\/dirtcamp.pl\\\/#\\\/schema\\\/logo\\\/image\\\/\"}}]}<\/script>\n<!-- \/ Yoast SEO plugin. -->","yoast_head_json":{"title":"Organizatorzy - DirtCamp ob\u00f3z motocross na Mazurach dla m\u0142odzie\u017cy","robots":{"index":"index","follow":"follow","max-snippet":"max-snippet:-1","max-image-preview":"max-image-preview:large","max-video-preview":"max-video-preview:-1"},"canonical":"https:\/\/dirtcamp.pl\/index.php\/organizatorzy\/","og_locale":"pl_PL","og_type":"article","og_title":"Organizatorzy - DirtCamp ob\u00f3z motocross na Mazurach dla m\u0142odzie\u017cy","og_url":"https:\/\/dirtcamp.pl\/index.php\/organizatorzy\/","og_site_name":"DirtCamp ob\u00f3z motocross na Mazurach dla m\u0142odzie\u017cy","article_modified_time":"2026-03-21T06:24:00+00:00","twitter_card":"summary_large_image","schema":{"@context":"https:\/\/schema.org","@graph":[{"@type":"WebPage","@id":"https:\/\/dirtcamp.pl\/index.php\/organizatorzy\/","url":"https:\/\/dirtcamp.pl\/index.php\/organizatorzy\/","name":"Organizatorzy - DirtCamp ob\u00f3z motocross na Mazurach dla m\u0142odzie\u017cy","isPartOf":{"@id":"https:\/\/dirtcamp.pl\/#website"},"datePublished":"2025-12-09T18:17:00+00:00","dateModified":"2026-03-21T06:24:00+00:00","breadcrumb":{"@id":"https:\/\/dirtcamp.pl\/index.php\/organizatorzy\/#breadcrumb"},"inLanguage":"pl-PL","potentialAction":[{"@type":"ReadAction","target":["https:\/\/dirtcamp.pl\/index.php\/organizatorzy\/"]}]},{"@type":"BreadcrumbList","@id":"https:\/\/dirtcamp.pl\/index.php\/organizatorzy\/#breadcrumb","itemListElement":[{"@type":"ListItem","position":1,"name":"Strona g\u0142\u00f3wna","item":"https:\/\/dirtcamp.pl\/"},{"@type":"ListItem","position":2,"name":"Organizatorzy"}]},{"@type":"WebSite","@id":"https:\/\/dirtcamp.pl\/#website","url":"https:\/\/dirtcamp.pl\/","name":"DirtCamp ob\u00f3z motocross na Mazurach dla m\u0142odzie\u017cy","description":"","publisher":{"@id":"https:\/\/dirtcamp.pl\/#organization"},"potentialAction":[{"@type":"SearchAction","target":{"@type":"EntryPoint","urlTemplate":"https:\/\/dirtcamp.pl\/?s={search_term_string}"},"query-input":{"@type":"PropertyValueSpecification","valueRequired":true,"valueName":"search_term_string"}}],"inLanguage":"pl-PL"},{"@type":"Organization","@id":"https:\/\/dirtcamp.pl\/#organization","name":"Ostr\u00f3da Camp Chrze\u015bcija\u0144ski O\u015brodek Konferencyjno-Wypoczynkowy","url":"https:\/\/dirtcamp.pl\/","logo":{"@type":"ImageObject","inLanguage":"pl-PL","@id":"https:\/\/dirtcamp.pl\/#\/schema\/logo\/image\/","url":"https:\/\/dirtcamp.pl\/wp-content\/uploads\/2026\/02\/DirtCamp-logo.png","contentUrl":"https:\/\/dirtcamp.pl\/wp-content\/uploads\/2026\/02\/DirtCamp-logo.png","width":1261,"height":800,"caption":"Ostr\u00f3da Camp Chrze\u015bcija\u0144ski O\u015brodek Konferencyjno-Wypoczynkowy"},"image":{"@id":"https:\/\/dirtcamp.pl\/#\/schema\/logo\/image\/"}}]}},"_links":{"self":[{"href":"https:\/\/dirtcamp.pl\/index.php\/wp-json\/wp\/v2\/pages\/23","targetHints":{"allow":["GET"]}}],"collection":[{"href":"https:\/\/dirtcamp.pl\/index.php\/wp-json\/wp\/v2\/pages"}],"about":[{"href":"https:\/\/dirtcamp.pl\/index.php\/wp-json\/wp\/v2\/types\/page"}],"author":[{"embeddable":true,"href":"https:\/\/dirtcamp.pl\/index.php\/wp-json\/wp\/v2\/users\/1"}],"replies":[{"embeddable":true,"href":"https:\/\/dirtcamp.pl\/index.php\/wp-json\/wp\/v2\/comments?post=23"}],"version-history":[{"count":11,"href":"https:\/\/dirtcamp.pl\/index.php\/wp-json\/wp\/v2\/pages\/23\/revisions"}],"predecessor-version":[{"id":290,"href":"https:\/\/dirtcamp.pl\/index.php\/wp-json\/wp\/v2\/pages\/23\/revisions\/290"}],"wp:attachment":[{"href":"https:\/\/dirtcamp.pl\/index.php\/wp-json\/wp\/v2\/media?parent=23"}],"curies":[{"name":"wp","href":"https:\/\/api.w.org\/{rel}","templated":true}]}}